{"id":728,"date":"2018-10-09T08:03:31","date_gmt":"2018-10-09T05:03:31","guid":{"rendered":"http:\/\/anchor.themeshop.co\/?page_id=26"},"modified":"2025-08-17T05:37:28","modified_gmt":"2025-08-17T02:37:28","slug":"anasayfa","status":"publish","type":"page","link":"https:\/\/ajansicon.com.tr\/","title":{"rendered":"Anasayfa &#8211; T\u00fcrk\u00e7e"},"content":{"rendered":"<p>[vc_row full_width=&#8221;stretch_row_content_no_spaces&#8221; anchor_wrap_section=&#8221;no&#8221;][vc_column][anchord_hero_slider hero_slider=&#8221;228&#8243;][\/vc_column][\/vc_row][vc_row][vc_column][anchord_portfolio total_count=&#8221;20&#8243; column=&#8221;five-cols&#8221;][\/vc_column][\/vc_row][vc_row][vc_column][vc_column_text css=&#8221;.vc_custom_1603575259065{padding-top: 40px !important;}&#8221;]<\/p>\n<h2 style=\"text-align: center;\">Reklam Ajans\u0131, Web Tasar\u0131m, Kurumsal Kimlik ve Sosyal Medya<\/h2>\n<p style=\"text-align: center;\">Icon Creative Agency; kurumsal kimlik, web tasar\u0131m ve geli\u015ftirme, sosyal medya y\u00f6netimi ve st\u00fcdyo prod\u00fcksiyonda sonu\u00e7 odakl\u0131 \u00e7al\u0131\u015f\u0131r. Markan\u0131z\u0131n g\u00f6r\u00fcn\u00fcrl\u00fc\u011f\u00fcn\u00fc art\u0131ran yarat\u0131c\u0131 fikirleri teknolojiyle birle\u015ftiririz.<\/p>\n<h2 style=\"text-align: center;\">NELER YAPARIZ<\/h2>\n<h4 style=\"text-align: center;\">YARATICI BAKAR, FARKLI D\u00dc\u015e\u00dcN\u00dcR, \u0130\u015e\u0130NE TUTKUYLA SARILIR<\/h4>\n<p>[\/vc_column_text][\/vc_column][\/vc_row][vc_row css=&#8221;.vc_custom_1542116210229{padding-top: 120px !important;padding-bottom: 60px !important;}&#8221;][vc_column width=&#8221;1\/3&#8243;][anchord_feature animate_block=&#8221;yes&#8221; title=&#8221;Kurumsal Kimlik Tasar\u0131m\u0131&#8221; icon=&#8221;134&#8243; feature_content=&#8221;Logo, tipografi, renk paleti, kurumsal dok\u00fcmanlar ve kullan\u0131m k\u0131lavuzu ile tutarl\u0131 bir marka kimli\u011fi olu\u015fturuyoruz. Rakip analizi, konsept y\u00f6nleri ve uygulama standartlar\u0131yla eksiksiz teslim.&#8221; animation_delay=&#8221;0.2s&#8221;][anchord_feature animate_block=&#8221;yes&#8221; title=&#8221;Kreatif Tasar\u0131m&#8221; icon=&#8221;213&#8243; feature_content=&#8221;Katalog, bro\u015f\u00fcr, kampanya g\u00f6rselleri, outdoor ve bas\u0131n ilanlar\u0131nda kurumsal b\u00fct\u00fcnl\u00fc\u011f\u00fc koruyan yarat\u0131c\u0131 tasar\u0131mlar. Mesaj\u0131 h\u0131zla ileten, markaya uygun ve dikkat \u00e7ekici \u00e7\u00f6z\u00fcmler.&#8221; animation_delay=&#8221;0.2s&#8221;][\/vc_column][vc_column width=&#8221;1\/3&#8243;][anchord_feature animate_block=&#8221;yes&#8221; title=&#8221;Web Tasar\u0131m &#038; Geli\u015ftirme&#8221; icon=&#8221;139&#8243; feature_content=&#8221;H\u0131zl\u0131, mobil uyumlu ve SEO odakl\u0131 kurumsal web siteleri. Kendi ekibimizle tasar\u0131m, geli\u015ftirme ve entegrasyon; Core Web Vitals ve g\u00fcvenlik standartlar\u0131na uyum.&#8221; animation_delay=&#8221;0.4s&#8221;][anchord_feature animate_block=&#8221;yes&#8221; title=&#8221;M\u00fchendislik &#038; Dan\u0131\u015fmanl\u0131k&#8221; icon=&#8221;140&#8243; feature_content=&#8221;End\u00fcstriyel tasar\u0131m, proje dan\u0131\u015fmanl\u0131\u011f\u0131 ve uygulama. \u0130nsan\u2013makine etkile\u015fimine uygun ergonomik \u00e7\u00f6z\u00fcmler. AB, Ar\u2011Ge ve KOSGEB desteklerinde proje dan\u0131\u015fmanl\u0131\u011f\u0131.&#8221; animation_delay=&#8221;0.6s&#8221;][vc_column_text]<\/p>\n<div class=\"content\" tabindex=\"0\">\n<div class=\"ac-container ac-adaptiveCard\">\n<div class=\"ac-textBlock\">\n<h6>T\u00fcrkiye genelinde reklam ve sosyal medya dan\u0131\u015fmanl\u0131\u011f\u0131 ile marka hesaplar\u0131n\u0131z\u0131 y\u00f6netiyoruz. \u0130\u00e7erik plan\u0131, tasar\u0131m, moderasyon ve reklam optimizasyonunu u\u00e7tan uca sunuyor; SEO uyumlu metin ve g\u00f6rsellerle organik g\u00f6r\u00fcn\u00fcrl\u00fc\u011f\u00fcn\u00fcz\u00fc art\u0131r\u0131yoruz.<\/h6>\n<\/div>\n<div class=\"ac-horizontal-separator\" aria-hidden=\"true\"><\/div>\n<\/div>\n<\/div>\n<p>[\/vc_column_text][\/vc_column][vc_column width=&#8221;1\/3&#8243;][anchord_feature animate_block=&#8221;yes&#8221; title=&#8221;Sosyal Medya&#8221; icon=&#8221;140&#8243; feature_content=&#8221;\u0130\u00e7erik plan\u0131, tasar\u0131m, topluluk y\u00f6netimi ve reklam kampanyalar\u0131 ile markan\u0131z\u0131n g\u00f6r\u00fcn\u00fcrl\u00fc\u011f\u00fcn\u00fc ve sat\u0131\u015flar\u0131n\u0131 art\u0131r\u0131r\u0131z. \u00c7ok kanall\u0131 yakla\u015f\u0131m ve \u00f6l\u00e7\u00fclebilir raporlama.&#8221; animation_delay=&#8221;0.6s&#8221;][anchord_feature animate_block=&#8221;yes&#8221; title=&#8221;ST\u00dcDYO&#8221; icon=&#8221;139&#8243; feature_content=&#8221;\u00dcr\u00fcn, mekan ve kurumsal portre \u00e7ekimlerinde \u0131\u015f\u0131k, kompozisyon ve renk y\u00f6netimiyle profesyonel sonu\u00e7lar. \u00c7ekimleri kendi st\u00fcdyomuzda, do\u011fru ekipmanla ger\u00e7ekle\u015ftiriyoruz.&#8221; animation_delay=&#8221;0.4s&#8221;][\/vc_column][\/vc_row][vc_row css=&#8221;.vc_custom_1542810735376{margin-top: 100px !important;margin-bottom: 0px !important;}&#8221;][vc_column][anchord_image_with_content animate_block=&#8221;yes&#8221; animation_type=&#8221;fadeInRight&#8221; main_image=&#8221;404&#8243; small_image=&#8221;601&#8243; content_bg=&#8221;#f50c1a&#8221;]<\/p>\n<h5>Peki kim bu Icon ?<\/h5>\n<h2>Yarat\u0131c\u0131l\u0131\u011f\u0131 ve Teknolojiyi Birle\u015ftiren Reklam Ajans\u0131<\/h2>\n<p>Icon Ajans olarak 2013\u2019te temelleri att\u0131k, 2016\u2019da resmi kurulu\u015fumuzu ger\u00e7ekle\u015ftirdik. Tam hizmet reklam ajans\u0131 yakla\u015f\u0131m\u0131yla onlarca projeyi hayata ge\u00e7irdik; bug\u00fcn 5 \u00fclke ve 28 \u015fehirde markalara hizmet veriyoruz. Strateji, tasar\u0131m ve teknolojiyi bir araya getirerek \u00f6l\u00e7\u00fclebilir sonu\u00e7lar \u00fcretiriz.<\/p>\n<p><a href=\"\/hakkimizda\/\"><span data-hover=\"FIND OUT MORE\">Devam\u0131<\/span><\/a>[\/anchord_image_with_content][\/vc_column][\/vc_row][vc_row use_container=&#8221;yes&#8221; use_predefined_id=&#8221;yes&#8221; predefined_id=&#8221;counter&#8221; use_predefined_class=&#8221;yes&#8221; predefined_class=&#8221;awards&#8221; css=&#8221;.vc_custom_1542117971010{padding-top: 120px !important;padding-bottom: 120px !important;}&#8221;][vc_column width=&#8221;5\/12&#8243; offset=&#8221;vc_col-lg-5 vc_col-md-12 vc_col-xs-12&#8243;][vc_column_text]<\/p>\n<h5>7 Y\u0131lda<\/h5>\n<h2>Bunca Zaman Neler Oldu?<\/h2>\n<p>[\/vc_column_text][\/vc_column][vc_column width=&#8221;7\/12&#8243;][vc_row_inner][vc_column_inner width=&#8221;1\/3&#8243; offset=&#8221;vc_col-md-4 vc_col-xs-12&#8243;][anchord_award title=&#8221;\u00c7al\u0131\u015fma G\u00fcn\u00fc&#8221; awards=&#8221;1078&#8243;][\/vc_column_inner][vc_column_inner width=&#8221;1\/3&#8243; offset=&#8221;vc_col-md-4 vc_col-xs-12&#8243;][anchord_award title=&#8221;Biten Projeler&#8221; awards=&#8221;680&#8243;][\/vc_column_inner][vc_column_inner width=&#8221;1\/3&#8243; offset=&#8221;vc_col-md-4 vc_col-xs-12&#8243;][anchord_award title=&#8221;Mutlu M\u00fc\u015fteri&#8221; awards=&#8221;210&#8243;][\/vc_column_inner][\/vc_row_inner][\/vc_column][\/vc_row]<\/p>\n","protected":false},"excerpt":{"rendered":"<p>[vc_row full_width=&#8221;stretch_row_content_no_spaces&#8221; anchor_wrap_section=&#8221;no&#8221;][vc_column][anchord_hero_slider hero_slider=&#8221;228&#8243;][\/vc_column][\/vc_row][vc_row][vc_column][anchord_portfolio total_count=&#8221;20&#8243; column=&#8221;five-cols&#8221;][\/vc_column][\/vc_row][vc_row][vc_column][vc_column_text css=&#8221;.vc_custom_1603575259065{padding-top: 40px !important;}&#8221;] Reklam Ajans\u0131, Web Tasar\u0131m, Kurumsal Kimlik ve Sosyal Medya Icon Creative Agency; kurumsal kimlik, web tasar\u0131m ve geli\u015ftirme, sosyal medya y\u00f6netimi ve st\u00fcdyo prod\u00fcksiyonda sonu\u00e7 odakl\u0131 \u00e7al\u0131\u015f\u0131r. Markan\u0131z\u0131n g\u00f6r\u00fcn\u00fcrl\u00fc\u011f\u00fcn\u00fc art\u0131ran yarat\u0131c\u0131 fikirleri teknolojiyle birle\u015ftiririz. NELER YAPARIZ YARATICI BAKAR, FARKLI D\u00dc\u015e\u00dcN\u00dcR, \u0130\u015e\u0130NE TUTKUYLA SARILIR [\/vc_column_text][\/vc_column][\/vc_row][vc_row css=&#8221;.vc_custom_1542116210229{padding-top: 120px [&hellip;]<\/p>\n","protected":false},"author":1,"featured_media":0,"parent":0,"menu_order":0,"comment_status":"closed","ping_status":"closed","template":"page-builder.php","meta":[],"lang":"tr","translations":{"en":26,"tr":728},"yoast_head":"<!-- This site is optimized with the Yoast SEO Premium plugin v15.2 - https:\/\/yoast.com\/wordpress\/plugins\/seo\/ -->\n<title>Icon Creative Agency | Dijital Reklam Ajans\u0131 | Web Tasar\u0131m|Matbaa|Tabela<\/title>\n<meta name=\"description\" content=\"Mersin,Van,Irak ve Fransa lokasyonlar\u0131nda Logo,web tasar\u0131m,sosyal medya dan\u0131\u015fmanl\u0131\u011f\u0131,uygulama ve reklam alanlar\u0131nda hizmet vermektedir.\" \/>\n<meta name=\"robots\" content=\"index, follow, max-snippet:-1, max-image-preview:large, max-video-preview:-1\" \/>\n<link rel=\"canonical\" href=\"https:\/\/ajansicon.com.tr\/\" \/>\n<meta property=\"og:locale\" content=\"tr_TR\" \/>\n<meta property=\"og:type\" content=\"article\" \/>\n<meta property=\"og:title\" content=\"Icon Creative Agency | Dijital Reklam Ajans\u0131 | Web Tasar\u0131m|Matbaa|Tabela\" \/>\n<meta property=\"og:description\" content=\"Mersin,Van,Irak ve Fransa lokasyonlar\u0131nda Logo,web tasar\u0131m,sosyal medya dan\u0131\u015fmanl\u0131\u011f\u0131,uygulama ve reklam alanlar\u0131nda hizmet vermektedir.\" \/>\n<meta property=\"og:url\" content=\"https:\/\/ajansicon.com.tr\/\" \/>\n<meta property=\"og:site_name\" content=\"Icon Creative Agency\" \/>\n<meta property=\"article:publisher\" content=\"https:\/\/www.facebook.com\/ajansicon\" \/>\n<meta property=\"article:modified_time\" content=\"2025-08-17T02:37:28+00:00\" \/>\n<meta property=\"og:image\" content=\"https:\/\/ajansicon.com.tr\/wp-content\/uploads\/2022\/11\/sosyal-medya-paylasim-icon-scaled.jpg\" \/>\n\t<meta property=\"og:image:width\" content=\"2560\" \/>\n\t<meta property=\"og:image:height\" content=\"853\" \/>\n<meta name=\"twitter:card\" content=\"summary_large_image\" \/>\n<meta name=\"twitter:label1\" value=\"Yazan:\">\n\t<meta name=\"twitter:data1\" value=\"bedirxan\">\n\t<meta name=\"twitter:label2\" value=\"Tahmini okuma s\u00fcresi\">\n\t<meta name=\"twitter:data2\" value=\"3 dakika\">\n<script type=\"application\/ld+json\" class=\"yoast-schema-graph\">{\"@context\":\"https:\/\/schema.org\",\"@graph\":[{\"@type\":\"Organization\",\"@id\":\"https:\/\/ajansicon.com.tr\/#organization\",\"name\":\"Icon Creative Agency\",\"url\":\"https:\/\/ajansicon.com.tr\/\",\"sameAs\":[\"https:\/\/www.facebook.com\/ajansicon\",\"https:\/\/www.instagram.com\/ajansicon\/\",\"https:\/\/youtube.com\/channel\/UCN8BBycOXdRO1-v8g9KvgxQ\"],\"logo\":{\"@type\":\"ImageObject\",\"@id\":\"https:\/\/ajansicon.com.tr\/#logo\",\"inLanguage\":\"tr\",\"url\":\"https:\/\/ajansicon.com.tr\/wp-content\/uploads\/2020\/10\/icon-ajans-logo.png\",\"width\":438,\"height\":196,\"caption\":\"Icon Creative Agency\"},\"image\":{\"@id\":\"https:\/\/ajansicon.com.tr\/#logo\"}},{\"@type\":\"WebSite\",\"@id\":\"https:\/\/ajansicon.com.tr\/#website\",\"url\":\"https:\/\/ajansicon.com.tr\/\",\"name\":\"Icon Creative Agency\",\"description\":\"\",\"publisher\":{\"@id\":\"https:\/\/ajansicon.com.tr\/#organization\"},\"potentialAction\":[{\"@type\":\"SearchAction\",\"target\":\"https:\/\/ajansicon.com.tr\/?s={search_term_string}\",\"query-input\":\"required name=search_term_string\"}],\"inLanguage\":\"tr\"},{\"@type\":\"WebPage\",\"@id\":\"https:\/\/ajansicon.com.tr\/#webpage\",\"url\":\"https:\/\/ajansicon.com.tr\/\",\"name\":\"Icon Creative Agency | Dijital Reklam Ajans\\u0131 | Web Tasar\\u0131m|Matbaa|Tabela\",\"isPartOf\":{\"@id\":\"https:\/\/ajansicon.com.tr\/#website\"},\"datePublished\":\"2018-10-09T05:03:31+00:00\",\"dateModified\":\"2025-08-17T02:37:28+00:00\",\"description\":\"Mersin,Van,Irak ve Fransa lokasyonlar\\u0131nda Logo,web tasar\\u0131m,sosyal medya dan\\u0131\\u015fmanl\\u0131\\u011f\\u0131,uygulama ve reklam alanlar\\u0131nda hizmet vermektedir.\",\"breadcrumb\":{\"@id\":\"https:\/\/ajansicon.com.tr\/#breadcrumb\"},\"inLanguage\":\"tr\",\"potentialAction\":[{\"@type\":\"ReadAction\",\"target\":[\"https:\/\/ajansicon.com.tr\/\"]}]},{\"@type\":\"BreadcrumbList\",\"@id\":\"https:\/\/ajansicon.com.tr\/#breadcrumb\",\"itemListElement\":[{\"@type\":\"ListItem\",\"position\":1,\"item\":{\"@type\":\"WebPage\",\"@id\":\"https:\/\/ajansicon.com.tr\/\",\"url\":\"https:\/\/ajansicon.com.tr\/\",\"name\":\"Anasayfa &#8211; T\\u00fcrk\\u00e7e\"}}]}]}<\/script>\n<!-- \/ Yoast SEO Premium plugin. -->","pll_sync_post":[],"_links":{"self":[{"href":"https:\/\/ajansicon.com.tr\/index.php?rest_route=\/wp\/v2\/pages\/728"}],"collection":[{"href":"https:\/\/ajansicon.com.tr\/index.php?rest_route=\/wp\/v2\/pages"}],"about":[{"href":"https:\/\/ajansicon.com.tr\/index.php?rest_route=\/wp\/v2\/types\/page"}],"author":[{"embeddable":true,"href":"https:\/\/ajansicon.com.tr\/index.php?rest_route=\/wp\/v2\/users\/1"}],"replies":[{"embeddable":true,"href":"https:\/\/ajansicon.com.tr\/index.php?rest_route=%2Fwp%2Fv2%2Fcomments&post=728"}],"version-history":[{"count":5,"href":"https:\/\/ajansicon.com.tr\/index.php?rest_route=\/wp\/v2\/pages\/728\/revisions"}],"predecessor-version":[{"id":884,"href":"https:\/\/ajansicon.com.tr\/index.php?rest_route=\/wp\/v2\/pages\/728\/revisions\/884"}],"wp:attachment":[{"href":"https:\/\/ajansicon.com.tr\/index.php?rest_route=%2Fwp%2Fv2%2Fmedia&parent=728"}],"curies":[{"name":"wp","href":"https:\/\/api.w.org\/{rel}","templated":true}]}}